{"id":50,"date":"2011-08-23T20:31:08","date_gmt":"2011-08-23T19:31:08","guid":{"rendered":"http:\/\/cluster010.ovh.net\/~mapsyste\/?page_id=50"},"modified":"2023-06-21T08:47:56","modified_gmt":"2023-06-21T07:47:56","slug":"clients-et-partenaires","status":"publish","type":"page","link":"https:\/\/mapsysteme.com\/en\/clients-et-partenaires\/","title":{"rendered":"Clients and Partners"},"content":{"rendered":"<p><!--:en--><img loading=\"lazy\" decoding=\"async\" class=\"aligncenter size-full wp-image-51\" title=\"clients\" src=\"http:\/\/cluster010.ovh.net\/~mapsyste\/wp-content\/uploads\/clients.gif\" alt=\"\" width=\"400\" height=\"155\" srcset=\"https:\/\/mapsysteme.com\/wp-content\/uploads\/clients.gif 400w, https:\/\/mapsysteme.com\/wp-content\/uploads\/clients-300x116.gif 300w\" sizes=\"auto, (max-width: 400px) 100vw, 400px\" \/><\/p>\n<table style=\"width: 100%;\" border=\"0\" cellspacing=\"2\" cellpadding=\"2\" align=\"center\">\n<caption style=\"margin-bottom: 10px;\">INDUSTRY and GOVERNMENT<\/caption>\n<tbody>\n<tr>\n<td id=\"aeroconseil\"><strong>A\u00e9roconseil<a name=\"aeroconseil\"><\/a><\/strong><\/td>\n<\/tr>\n<tr>\n<td id=\"airbus-group\"><strong>AIRBUS GROUP<\/strong><\/td>\n<\/tr>\n<tr>\n<td id=\"alcatel-corporate\"><strong>Alcatel Lucent Corporate<\/strong><\/td>\n<\/tr>\n<tr>\n<td id=\"alcaltel-espace\"><strong>Alcatel Espace<\/strong><\/td>\n<\/tr>\n<tr>\n<td id=\"ansaldo\"><strong>ANSALDO<\/strong><\/td>\n<\/tr>\n<tr>\n<td id=\"biomerieux\"><strong>Biom\u00e9rieux<\/strong><\/td>\n<\/tr>\n<tr>\n<td id=\"carmat\"><strong>CARMAT<\/strong><\/td>\n<\/tr>\n<tr>\n<td id=\"cassidian-eads\"><strong>CASSIDIAN EADS<\/strong><\/td>\n<\/tr>\n<tr>\n<td id=\"cea\"><strong>CEA<\/strong><\/td>\n<\/tr>\n<tr>\n<td id=\"cetim\"><strong>CETIM<\/strong><\/td>\n<\/tr>\n<tr>\n<td id=\"cnim\"><strong>CNIM<\/strong><\/td>\n<\/tr>\n<tr>\n<td id=\"bouygues-tp\"><strong>BOUYGUES TP<\/strong><\/td>\n<\/tr>\n<tr>\n<td id=\"dassault-aviation\"><strong>DASSAULT AVIATION<\/strong><\/td>\n<\/tr>\n<tr>\n<td id=\"dassault-systemes\"><strong>DASSAULT SYSTEMES<\/strong><\/td>\n<\/tr>\n<tr>\n<td id=\"dga\"><strong>DGA<\/strong> (Direction G\u00e9n\u00e9rale de l&#8217;Armement)<\/td>\n<\/tr>\n<tr>\n<td id=\"france-telecom\"><strong>France T\u00e9l\u00e9com R&#038;D<\/strong><\/td>\n<\/tr>\n<tr>\n<td id=\"general-electric\"><strong>General Electric Medical Systems<\/strong><\/td>\n<\/tr>\n<tr>\n<td id=\"giat\"><strong>Giat Industries &#8211; NEXTER<\/strong><\/td>\n<\/tr>\n<tr>\n<td id=\"ibm\"><strong>IBM<\/strong><\/td>\n<\/tr>\n<tr>\n<td id=\"nagra-vision\"><strong>NAGRA Vision<\/strong><\/td>\n<\/tr>\n<tr>\n<td id=\"otan\"><strong>OTAN &#8211; NATO<\/strong><\/td>\n<\/tr>\n<tr>\n<td id=\"psa\"><strong>PSA Peugeot-Citro\u00ebn<\/strong><\/td>\n<\/tr>\n<tr>\n<td id=\"ratp\"><strong>RATP<\/strong><\/td>\n<\/tr>\n<tr>\n<td id=\"renault\"><strong>Renault<\/strong><\/td>\n<\/tr>\n<tr>\n<td id=\"sagem\"><strong>SAGEM defense s\u00e9curit\u00e9, MORPHO &#8211; groupe SAFRAN<\/strong><\/td>\n<\/tr>\n<tr>\n<td id=\"snecma\"><strong>SNECMA groupe SAFRAN<\/strong><\/td>\n<\/tr>\n<tr>\n<td id=\"turbom\u00e9ca\"><strong>TURBOMECA<\/strong><\/td>\n<\/tr>\n<tr>\n<td id=\"valeo\"><strong>VALEO<\/strong><\/td>\n<\/tr>\n<tr>\n<td id=\"veolia\"><strong>VEOLIA<\/strong><\/td>\n<\/tr>\n<\/tbody>\n<\/table>\n<p>&nbsp;<\/p>\n<table style=\"width: 100%;\" border=\"0\" cellspacing=\"0\" cellpadding=\"2\" align=\"center\">\n<caption>UNIVERSITIES<\/caption>\n<tbody>\n<tr>\n<td id=\"mines-dales\"><strong>EMA <\/strong>Al\u00e8s et N\u00eemes (\u00c9cole des Mines d&#8217;Al\u00e8s)<\/td>\n<\/tr>\n<tr>\n<td id=\"igsi\"><strong>IGSI<\/strong>\u00a0Toulouse (Informatique, Gestion, Syst\u00e8me d&#8217;Information)<\/td>\n<\/tr>\n<tr>\n<td id=\"insa\"><strong>INSA<\/strong>\u00a0Toulouse (Institut National des Sciences Appliqu\u00e9es)<\/td>\n<\/tr>\n<tr>\n<td id=\"isae\"><strong>ISAE<\/strong>\u00a0Toulouse (Institut Sup\u00e9rieur A\u00e9ronautique et Espace)<\/td>\n<\/tr>\n<tr>\n<td id=\"supelec\"><strong>Sup\u00e9lec &#8211; Professional Training <\/strong>Gif sur Yvette, Rennes (Ecole Sup\u00e9rieure d&#8217;Electricit\u00e9)<\/td>\n<\/tr>\n<tr>\n<td><strong>ECP &#8211; Professional Training <\/strong>Paris (Ecole Centrale Paris)<\/td>\n<\/tr>\n<tr>\n<td id=\"uhp-nancy\"><strong>Universit\u00e9 Henri Poincar\u00e9 <\/strong>Nancy<\/td>\n<\/tr>\n<\/tbody>\n<\/table>\n<p>&nbsp;<\/p>\n<table style=\"width: 100%;\" border=\"0\" cellspacing=\"0\" cellpadding=\"2\" align=\"center\">\n<caption>SOCIO-PROFESSIONAL RELATIONSHIPS<\/caption>\n<tbody>\n<tr>\n<td id=\"incose\"><strong>INCOSE<\/strong> (Internationnal Council on SYstems Engineering)<br \/>\n<a title=\"Site web de l'INCOSE\" href=\"http:\/\/www.incose.org\" target=\"_blank\" rel=\"noopener\">www.incose.org<\/a><\/td>\n<\/tr>\n<tr>\n<td id=\"iso\"><strong>ISO<\/strong> (Internationnal Organization of Standardization)<br \/>\n<a title=\"Site web de l'ISO\" href=\"http:\/\/www.iso.org\" target=\"_blank\" rel=\"noopener\">www.iso.org<\/a><\/td>\n<\/tr>\n<tr>\n<td id=\"afis\"><strong>AFIS<\/strong> (Association Fran\u00e7aise d&#8217;Ing\u00e9nierie Syst\u00e8me)<br \/>\n<a title=\"Site web de l'AFIS\" href=\"http:\/\/www.afis.fr\" target=\"_blank\" rel=\"noopener\">www.afis.fr<\/a><\/td>\n<\/tr>\n<\/tbody>\n<\/table>\n<p><!--:--><\/p>\n","protected":false},"excerpt":{"rendered":"<p>INDUSTRY and GOVERNMENT A\u00e9roconseil AIRBUS GROUP Alcatel Lucent Corporate Alcatel Espace ANSALDO Biom\u00e9rieux CARMAT CASSIDIAN EADS CEA CETIM CNIM BOUYGUES TP DASSAULT AVIATION DASSAULT SYSTEMES DGA (Direction G\u00e9n\u00e9rale de l&#8217;Armement) France T\u00e9l\u00e9com R&#038;D General Electric Medical Systems Giat Industries &#8211; &hellip; <a href=\"https:\/\/mapsysteme.com\/en\/clients-et-partenaires\/\">Continue reading <span class=\"meta-nav\">&rarr;<\/span><\/a><\/p>\n","protected":false},"author":1,"featured_media":0,"parent":0,"menu_order":0,"comment_status":"closed","ping_status":"closed","template":"","meta":{"footnotes":""},"class_list":["post-50","page","type-page","status-publish","hentry"],"_links":{"self":[{"href":"https:\/\/mapsysteme.com\/en\/wp-json\/wp\/v2\/pages\/50","targetHints":{"allow":["GET"]}}],"collection":[{"href":"https:\/\/mapsysteme.com\/en\/wp-json\/wp\/v2\/pages"}],"about":[{"href":"https:\/\/mapsysteme.com\/en\/wp-json\/wp\/v2\/types\/page"}],"author":[{"embeddable":true,"href":"https:\/\/mapsysteme.com\/en\/wp-json\/wp\/v2\/users\/1"}],"replies":[{"embeddable":true,"href":"https:\/\/mapsysteme.com\/en\/wp-json\/wp\/v2\/comments?post=50"}],"version-history":[{"count":48,"href":"https:\/\/mapsysteme.com\/en\/wp-json\/wp\/v2\/pages\/50\/revisions"}],"predecessor-version":[{"id":888,"href":"https:\/\/mapsysteme.com\/en\/wp-json\/wp\/v2\/pages\/50\/revisions\/888"}],"wp:attachment":[{"href":"https:\/\/mapsysteme.com\/en\/wp-json\/wp\/v2\/media?parent=50"}],"curies":[{"name":"wp","href":"https:\/\/api.w.org\/{rel}","templated":true}]}}