{"id":33,"date":"2011-08-23T20:15:06","date_gmt":"2011-08-23T19:15:06","guid":{"rendered":"http:\/\/cluster010.ovh.net\/~mapsyste\/?page_id=33"},"modified":"2023-06-21T08:45:58","modified_gmt":"2023-06-21T07:45:58","slug":"guides-methodologiques","status":"publish","type":"page","link":"https:\/\/mapsysteme.com\/en\/methodes-dingenierie-systeme\/guides-methodologiques\/","title":{"rendered":"Guidelines"},"content":{"rendered":"<p><!--:en--><img loading=\"lazy\" decoding=\"async\" class=\"aligncenter size-full wp-image-34\" title=\"guides\" src=\"http:\/\/cluster010.ovh.net\/~mapsyste\/wp-content\/uploads\/guides.gif\" alt=\"\" width=\"338\" height=\"130\" srcset=\"https:\/\/mapsysteme.com\/wp-content\/uploads\/guides.gif 338w, https:\/\/mapsysteme.com\/wp-content\/uploads\/guides-300x115.gif 300w\" sizes=\"auto, (max-width: 338px) 100vw, 338px\" \/><strong> TO BE REFERED DAY TO DAY<\/strong><\/p>\n<p>Standard guidelines of the company include know how and rules agreed by concerned staff; it is the written media of approaches, methods and techniques used day to day.<\/p>\n<p class=\"bloc_beige\"><strong>MAP syst\u00e8me<\/strong> helps you to draft your own systems engineering and development reference documents, capturing the corporate knowledge and maintaining consistency with international standards.<\/p>\n<p>The experts of <strong>MAP syst\u00e8me<\/strong> take part in international working groups within ISO*, INCOSE*, AFIS*, the development of the guide to the body of knowledge SEBoK*.\u00a0They are permanently in contact with leading experts and informed about the most recent worldwide trends.<\/p>\n<p>* <span style=\"text-decoration: underline;\">ISO<\/span> : International Organization for Standardization<br \/>\n* <span style=\"text-decoration: underline;\">INCOSE<\/span> : International Council On Systems Engineering<br \/>\n* <span style=\"text-decoration: underline;\">AFIS<\/span> : Association Fran\u00e7aise d&#8217;Ing\u00e9nierie Syst\u00e8me<br \/>\n* <span style=\"text-decoration: underline;\">SEBoK<\/span> : Systems Engineering Body of Knowledge<!--:--><\/p>\n","protected":false},"excerpt":{"rendered":"<p>TO BE REFERED DAY TO DAY Standard guidelines of the company include know how and rules agreed by concerned staff; it is the written media of approaches, methods and techniques used day to day. MAP syst\u00e8me helps you to draft &hellip; <a href=\"https:\/\/mapsysteme.com\/en\/methodes-dingenierie-systeme\/guides-methodologiques\/\">Continue reading <span class=\"meta-nav\">&rarr;<\/span><\/a><\/p>\n","protected":false},"author":1,"featured_media":0,"parent":21,"menu_order":0,"comment_status":"closed","ping_status":"closed","template":"","meta":{"footnotes":""},"class_list":["post-33","page","type-page","status-publish","hentry"],"_links":{"self":[{"href":"https:\/\/mapsysteme.com\/en\/wp-json\/wp\/v2\/pages\/33","targetHints":{"allow":["GET"]}}],"collection":[{"href":"https:\/\/mapsysteme.com\/en\/wp-json\/wp\/v2\/pages"}],"about":[{"href":"https:\/\/mapsysteme.com\/en\/wp-json\/wp\/v2\/types\/page"}],"author":[{"embeddable":true,"href":"https:\/\/mapsysteme.com\/en\/wp-json\/wp\/v2\/users\/1"}],"replies":[{"embeddable":true,"href":"https:\/\/mapsysteme.com\/en\/wp-json\/wp\/v2\/comments?post=33"}],"version-history":[{"count":15,"href":"https:\/\/mapsysteme.com\/en\/wp-json\/wp\/v2\/pages\/33\/revisions"}],"predecessor-version":[{"id":884,"href":"https:\/\/mapsysteme.com\/en\/wp-json\/wp\/v2\/pages\/33\/revisions\/884"}],"up":[{"embeddable":true,"href":"https:\/\/mapsysteme.com\/en\/wp-json\/wp\/v2\/pages\/21"}],"wp:attachment":[{"href":"https:\/\/mapsysteme.com\/en\/wp-json\/wp\/v2\/media?parent=33"}],"curies":[{"name":"wp","href":"https:\/\/api.w.org\/{rel}","templated":true}]}}