{"id":21,"date":"2011-08-23T19:56:35","date_gmt":"2011-08-23T18:56:35","guid":{"rendered":"http:\/\/cluster010.ovh.net\/~mapsyste\/?page_id=21"},"modified":"2021-08-23T21:37:49","modified_gmt":"2021-08-23T20:37:49","slug":"methodes-dingenierie-systeme","status":"publish","type":"page","link":"https:\/\/mapsysteme.com\/en\/methodes-dingenierie-systeme\/","title":{"rendered":"Systems Engineering Methods"},"content":{"rendered":"<p><!--:fr--><\/p>\n<p style=\"text-align: justify;\"><img loading=\"lazy\" decoding=\"async\" class=\"aligncenter size-full wp-image-23\" title=\"methodes\" src=\"http:\/\/cluster010.ovh.net\/~mapsyste\/wp-content\/uploads\/methodes.gif\" alt=\"\" width=\"340\" height=\"124\" srcset=\"https:\/\/mapsysteme.com\/wp-content\/uploads\/methodes.gif 340w, https:\/\/mapsysteme.com\/wp-content\/uploads\/methodes-300x109.gif 300w\" sizes=\"auto, (max-width: 340px) 100vw, 340px\" \/>L&#8217;industrie est pass\u00e9e progressivement de la fabrication de produits mono-fonction \u00e0 la constitution d&#8217;ensembles complexes mettant en oeuvre des \u00e9l\u00e9ments h\u00e9t\u00e9rog\u00e8nes, tels que mat\u00e9riels, logiciels et acteurs humains. La r\u00e9alisation des syst\u00e8mes modernes fait appel \u00e0 de multiples disciplines ou g\u00e9nies : m\u00e9canique, \u00e9lectronique, chimie, plasturgie, informatique, acoustique, psychologie&#8230;<\/p>\n<p style=\"text-align: justify;\">Au-del\u00e0 des syst\u00e8mes qu&#8217;elles ma\u00eetrisent, les entreprises sont de plus en plus contraintes \u00e0 r\u00e9soudre des probl\u00e8mes dont une ou plusieurs facettes leur \u00e9chappent : technologies nouvelles, environnements techniques \u00e9mergeants, coop\u00e9rations internationales, multiplicit\u00e9 des intervenants, omnipr\u00e9sence du traitement d&#8217;informations intangibles, contraintes accrues de fiabilit\u00e9, contraintes environnementales, r\u00e9duction des co\u00fbts et des d\u00e9lais.<\/p>\n<p style=\"text-align: justify;\">Les syst\u00e8mes dits complexes ne peuvent plus \u00eatre seulement appr\u00e9hend\u00e9s par les techniques habituelles de management, mais requi\u00e8rent la mise en place d&#8217;une ing\u00e9nierie globale, proc\u00e9dant par convergence de d\u00e9marches it\u00e9ratives.<\/p>\n<p><strong>L&#8217;ing\u00e9nierie de syst\u00e8me est la discipline qui permet de ma\u00eetriser l&#8217;architecture, le design et la r\u00e9alisation de tels ensembles, prenant en compte tout le cycle de vie, depuis la d\u00e9tection des besoins jusqu&#8217;au retrait de service. Elle peut \u00eatre mise \u00e0 profit dans tous les secteurs y compris le tertiaire.<\/strong><\/p>\n<p class=\"bloc_beige\">Dans le domaine de l&#8217;Ing\u00e9nierie de Syst\u00e8me, l&#8217;offre de <strong>MAP syst\u00e8me<\/strong> couvre l&#8217;ensemble des besoins des entreprises. Afin de r\u00e9ussir la mise en oeuvre de l&#8217;Ing\u00e9nierie de Syst\u00e8me dans les projets de d\u00e9veloppement, <strong>MAP syst\u00e8me<\/strong> vous propose un ensemble d&#8217;actions coh\u00e9rentes :<\/p>\n<p><a title=\"Formations\" href=\"formations\/\">Formations<\/a><\/p>\n<p><a title=\"Guides M\u00e9thodologiques\" href=\"guides-methodologiques\/\">Guides M\u00e9thodologiques<\/a><\/p>\n<p><a title=\"Accompagnement\" href=\"accompagnement\/\">Accompagnement<\/a><\/p>\n<p><a title=\"Outils\" href=\"outils\/\">Outils<\/a><!--:--><!--:en--><\/p>\n<p style=\"text-align: justify;\"><img loading=\"lazy\" decoding=\"async\" class=\"aligncenter size-full wp-image-23\" title=\"methodes\" src=\"http:\/\/cluster010.ovh.net\/~mapsyste\/wp-content\/uploads\/methodes.gif\" alt=\"\" width=\"340\" height=\"124\" srcset=\"https:\/\/mapsysteme.com\/wp-content\/uploads\/methodes.gif 340w, https:\/\/mapsysteme.com\/wp-content\/uploads\/methodes-300x109.gif 300w\" sizes=\"auto, (max-width: 340px) 100vw, 340px\" \/>Industry gradually passed from the manufacture of mono-function products to complex units implementing heterogeneous elements that included equipment, software and people. The realization of modern systems demands the integration of multiple disciplines: mechanics, electronics, chemistry, telecommunication, data processing, acoustics, psychology, etc.<\/p>\n<p style=\"text-align: justify;\">Today companies must cope not only with the complexity of internal organizational systems, but also solve problems that often include hidden variables; for example, new technologies, emerging techniques, international cooperation, multiplicity of stakeholders, intensive and intangible information processing, increasing reliability constraints, natural environment constraints, reduction of cost and production time.<\/p>\n<p style=\"text-align: justify;\">The complexity of the business environment requires innovations in management techniques and the willingness to engineer solutions via a convergence of iterative processes.<\/p>\n<p><strong>Systems Engineering is a discipline that allows to control architecture, design and realization of such sets, taking into account the whole life cycle from elicitation of needs till disposal. All sectors including services can take advantage applying it.<\/strong><\/p>\n<p class=\"bloc_beige\"><strong>MAP syst\u00e8me<\/strong> provides a full spectrum of services to assist the successful implementation of Systems Engineering using an Integrated Methodology Transfer approach including :<\/p>\n<p><a title=\"Training\" href=\"formations\/\">Training<\/a><\/p>\n<p><a title=\"Guidelines\" href=\"guides-methodologiques\/\">Guidelines<\/a><\/p>\n<p><a title=\"Coaching\" href=\"accompagnement\/\">Coaching<\/a><\/p>\n<p><a title=\"Support Tools\" href=\"outils\/\">Support Tools<\/a><!--:--><\/p>\n","protected":false},"excerpt":{"rendered":"<p>L&#8217;industrie est pass\u00e9e progressivement de la fabrication de produits mono-fonction \u00e0 la constitution d&#8217;ensembles complexes mettant en oeuvre des \u00e9l\u00e9ments h\u00e9t\u00e9rog\u00e8nes, tels que mat\u00e9riels, logiciels et acteurs humains. La r\u00e9alisation des syst\u00e8mes modernes fait appel \u00e0 de multiples disciplines ou &hellip; <a href=\"https:\/\/mapsysteme.com\/en\/methodes-dingenierie-systeme\/\">Continue reading <span class=\"meta-nav\">&rarr;<\/span><\/a><\/p>\n","protected":false},"author":1,"featured_media":0,"parent":0,"menu_order":0,"comment_status":"closed","ping_status":"closed","template":"","meta":{"footnotes":""},"class_list":["post-21","page","type-page","status-publish","hentry"],"_links":{"self":[{"href":"https:\/\/mapsysteme.com\/en\/wp-json\/wp\/v2\/pages\/21","targetHints":{"allow":["GET"]}}],"collection":[{"href":"https:\/\/mapsysteme.com\/en\/wp-json\/wp\/v2\/pages"}],"about":[{"href":"https:\/\/mapsysteme.com\/en\/wp-json\/wp\/v2\/types\/page"}],"author":[{"embeddable":true,"href":"https:\/\/mapsysteme.com\/en\/wp-json\/wp\/v2\/users\/1"}],"replies":[{"embeddable":true,"href":"https:\/\/mapsysteme.com\/en\/wp-json\/wp\/v2\/comments?post=21"}],"version-history":[{"count":16,"href":"https:\/\/mapsysteme.com\/en\/wp-json\/wp\/v2\/pages\/21\/revisions"}],"predecessor-version":[{"id":848,"href":"https:\/\/mapsysteme.com\/en\/wp-json\/wp\/v2\/pages\/21\/revisions\/848"}],"wp:attachment":[{"href":"https:\/\/mapsysteme.com\/en\/wp-json\/wp\/v2\/media?parent=21"}],"curies":[{"name":"wp","href":"https:\/\/api.w.org\/{rel}","templated":true}]}}