{"id":16,"date":"2011-08-23T19:49:44","date_gmt":"2011-08-23T18:49:44","guid":{"rendered":"http:\/\/cluster010.ovh.net\/~mapsyste\/?page_id=16"},"modified":"2023-06-21T08:44:44","modified_gmt":"2023-06-21T07:44:44","slug":"presentation-de-la-societe","status":"publish","type":"page","link":"https:\/\/mapsysteme.com\/en\/presentation-de-la-societe\/","title":{"rendered":"Presentation of the Company"},"content":{"rendered":"<p><!--:en--><img loading=\"lazy\" decoding=\"async\" class=\"aligncenter size-full wp-image-17\" title=\"presentation\" src=\"http:\/\/cluster010.ovh.net\/~mapsyste\/wp-content\/uploads\/presentation.gif\" alt=\"\" width=\"340\" height=\"155\" srcset=\"https:\/\/mapsysteme.com\/wp-content\/uploads\/presentation.gif 340w, https:\/\/mapsysteme.com\/wp-content\/uploads\/presentation-300x136.gif 300w\" sizes=\"auto, (max-width: 340px) 100vw, 340px\" \/><\/p>\n<p class=\"bloc_beige\"><strong>MAP syst\u00e8me<\/strong>\u00ae is an independent company founded by <strong>Alain Faisandier<\/strong> and <strong>Th\u00e9r\u00e8se Renard<\/strong> in 1996.<\/p>\n<p><span style=\"text-decoration: underline;\">E-mail<\/span> : <a title=\"Contact email adress of MAP systeme\" href=\"mailto:contact@mapsysteme.com\">contact@mapsysteme.com<\/a><\/p>\n<p>MAP syst\u00e8me consultants have a long professional experience in design control, methodology, management, quality assurance, and project management within civil and military systems including telecommunication, space, nuclear power, aeronautics, biomedical devices, automotive and data processing.<\/p>\n<p>MAP syst\u00e8me consultants are actively involved in ISO-IEC standardization, the guide to systems engineering body of knowledge (SEBoK), the INCOSE SE Handbook, and methodological studies that allow them to anticipate the best practices and apply the most recent know-how.<\/p>\n<p class=\"bloc_beige\"><strong>MAP syst\u00e8me<\/strong> &#8211; 2, Chemin de la Serre &#8211; 31450 BELBERAUD &#8211; France<br \/>\nVox : +33 (0) 5 61 27 98 61<br \/>\nE-mail : <a title=\"Contact adress of MAP systeme\" href=\"mailto:contact@mapsysteme.com\">contact@mapsysteme.com<\/a><br \/>\nInternet : <a href=\"http:\/\/www.mapsysteme.com\">www.mapsysteme.com<\/a><\/p>\n<p><strong>MAP syst\u00e8me<\/strong>\u00a0\u00ae is a trade mark of Sinergie :<br \/>\n<strong>Sinergie<\/strong> Ltd capital 100 000 Euros<br \/>\nSIREN : 408 058 592 &#8211; RCS Toulouse &#8211; APE 7112B<\/p>\n<p>The illustrations of this website link the past to the present as a continuity, and show that engineering precedes realization sometimes from several centuries.<\/p>\n<p class=\"bloc_marron\">The ancient illustrations come from Leonardo Da Vinci manuscripts and from Encyclopaedia of DIDEROT. Leonardo Da Vinci represents for us the union of the genius for creation and the rigour of engineering; he is an example and shows the permanence of principles, the strength of ideas, the harmony between Art and Engineering.<\/p>\n<p>For a cultural ballade, surf on the web below:<\/p>\n<p style=\"text-align: center;\"><a href=\"http:\/\/www.blue.fr\/vinci\/\" target=\"_blank\" rel=\"noopener\"><img loading=\"lazy\" decoding=\"async\" class=\"aligncenter size-full wp-image-18\" title=\"vinci\" src=\"http:\/\/cluster010.ovh.net\/~mapsyste\/wp-content\/uploads\/vinci.gif\" alt=\"\" width=\"450\" height=\"45\" srcset=\"https:\/\/mapsysteme.com\/wp-content\/uploads\/vinci.gif 450w, https:\/\/mapsysteme.com\/wp-content\/uploads\/vinci-300x30.gif 300w\" sizes=\"auto, (max-width: 450px) 100vw, 450px\" \/><\/a><\/p>\n<p><!--:--><\/p>\n","protected":false},"excerpt":{"rendered":"<p>MAP syst\u00e8me\u00ae is an independent company founded by Alain Faisandier and Th\u00e9r\u00e8se Renard in 1996. E-mail : contact@mapsysteme.com MAP syst\u00e8me consultants have a long professional experience in design control, methodology, management, quality assurance, and project management within civil and military &hellip; <a href=\"https:\/\/mapsysteme.com\/en\/presentation-de-la-societe\/\">Continue reading <span class=\"meta-nav\">&rarr;<\/span><\/a><\/p>\n","protected":false},"author":1,"featured_media":0,"parent":0,"menu_order":0,"comment_status":"closed","ping_status":"closed","template":"","meta":{"footnotes":""},"class_list":["post-16","page","type-page","status-publish","hentry"],"_links":{"self":[{"href":"https:\/\/mapsysteme.com\/en\/wp-json\/wp\/v2\/pages\/16","targetHints":{"allow":["GET"]}}],"collection":[{"href":"https:\/\/mapsysteme.com\/en\/wp-json\/wp\/v2\/pages"}],"about":[{"href":"https:\/\/mapsysteme.com\/en\/wp-json\/wp\/v2\/types\/page"}],"author":[{"embeddable":true,"href":"https:\/\/mapsysteme.com\/en\/wp-json\/wp\/v2\/users\/1"}],"replies":[{"embeddable":true,"href":"https:\/\/mapsysteme.com\/en\/wp-json\/wp\/v2\/comments?post=16"}],"version-history":[{"count":26,"href":"https:\/\/mapsysteme.com\/en\/wp-json\/wp\/v2\/pages\/16\/revisions"}],"predecessor-version":[{"id":882,"href":"https:\/\/mapsysteme.com\/en\/wp-json\/wp\/v2\/pages\/16\/revisions\/882"}],"wp:attachment":[{"href":"https:\/\/mapsysteme.com\/en\/wp-json\/wp\/v2\/media?parent=16"}],"curies":[{"name":"wp","href":"https:\/\/api.w.org\/{rel}","templated":true}]}}